{"id":1669,"date":"2018-03-31T01:58:24","date_gmt":"2018-03-31T05:58:24","guid":{"rendered":"https:\/\/2thetopacademy.com\/?page_id=1669"},"modified":"2025-08-24T13:09:02","modified_gmt":"2025-08-24T17:09:02","slug":"partenaires","status":"publish","type":"page","link":"https:\/\/2thetopacademy.com\/fr\/partenaires\/","title":{"rendered":"Nos Partenaires"},"content":{"rendered":"<blockquote class='third right last'><span class=\"quote\">La question n&rsquo;est pas de savoir si nous pouvons nous permettre d&rsquo;investir dans chaque enfant, mais plut\u00f4t si nous pouvons nous permettre de ne pas le faire.<\/span><cite> - Marian Wright Edelman<\/cite><\/blockquote>2TheTop Academy remercie les entreprises qui soutiennent notre mission qui est d&rsquo;aider \u00e0 construire les leaders de demain \u00e0 travers le sport et l&rsquo;\u00e9ducation. Nous sommes fiers d&rsquo;avoir des partenaires qui croient en nous autant que nous croyons en eux. Ensemble, nous construisons une base solide sur laquelle les parents peuvent compter pour l&rsquo;\u00e9panouissement de leurs enfants. Ci-dessous, la liste de tous les partenaires qui nous ont fait confiance depuis le d\u00e9but de l&rsquo;aventure 2TheTop Academy :<\/p>\n<p><strong>La ville de Pointe-\u00e0-Pitre<\/strong> &#8211; <strong>Le Conseil D\u00e9partemantal de la Guadeloupe<\/strong> &#8211; <strong>les restaurants McDonald&rsquo;s<\/strong> &#8211; <strong>La Cr\u00e9ole Bach H\u00f4tel &amp; Spa<\/strong> &#8211; <strong>TNN Industriel<\/strong> &#8211; <strong>ASP +<\/strong> &#8211; <strong>Hertz<\/strong> &#8211; <strong>Cr\u00e9dit Agricole Mutuel de Guadeloupe<\/strong> &#8211; <strong>Karu-Glaces<\/strong> &#8211; <strong>Gwadayouth.com<\/strong> &#8211; Grands Moulins des Antilles &#8211; Fabienne Youyoutte &#8211; Sprite &#8211; Gelabale Avocats &#8211; Optik Aline &#8211; Atelier Marin&rsquo;Art Cr\u00e9ations &#8211; Kr\u00e9ol&rsquo; Plats &#8211; le Lyc\u00e9e G\u00e9n\u00e9ral et Technique de Baimbridge &#8211; Seriver &#8211; le Lyc\u00e9e Polyvalent Acajou 2 &#8211; Karib\u00e9a Hotels &#8211; Cochon Plus &#8211; Le Groupe SAFO &#8211; le CREPS Antilles-Guyane &#8211; la ville de Petit-Bourg &#8211; la ville du Gosier &#8211; le Groupe Belliard &#8211; Bodyminute &#8211; Lakasa Foods &#8211; Archibon &#8211; Europcar &#8211; Axe &#8211; Agefip &#8211; S\u00e9river &#8211; Gessie Traiteur &#8211; L&rsquo;\u00e9cole de musique K&rsquo;Bich &#8211; Matouba &#8211; World Experience &#8211; Hyundai &#8211; Crystal Gla\u00e7ons &#8211; Air Cara\u00efbes &#8211; La Ligue Martiniquaise de Basketball.<\/p>\n<div class=\"lshowcase-clear-both\">&nbsp;<\/div><div class=\"lshowcase-logos \"><div style='display:none;' class='lshowcase-wrap-carousel-0' ><div data-logo-id=\"17234\" class=\"lshowcase-slide lshowcase-horizontal-slide\"><a href='https:\/\/gelabale-avocats.com\/' target='_blank' ><img src='https:\/\/2thetopacademy.com\/wp-content\/uploads\/2023\/06\/Gelabale_Avocats_RS_200.jpg'  width='200'  height = '200'  alt='Gelabale Avocats' title='Gelabale Avocats' class='lshowcase-boxhighlight lshowcase-tooltip'  \/><\/a><\/div><div data-logo-id=\"18365\" class=\"lshowcase-slide lshowcase-horizontal-slide\"><a href='https:\/\/ateliermarinart.com\/' target='_blank' ><img src='https:\/\/2thetopacademy.com\/wp-content\/uploads\/2025\/08\/logo_marinart_200.jpg'  width='200'  height = '200'  alt='Atelier Marin Art Cr\u00e9ations' title='Atelier Marin&apos;Art Cr\u00e9ations' class='lshowcase-boxhighlight lshowcase-tooltip'  \/><\/a><\/div><div data-logo-id=\"10399\" class=\"lshowcase-slide lshowcase-horizontal-slide\"><a href='https:\/\/www.facebook.com\/pages\/TNN-Industriel\/265044107292050' target='_blank' ><img src='https:\/\/2thetopacademy.com\/wp-content\/uploads\/2019\/04\/logo_TNN2023.jpg'  width='200'  height = '200'  alt='TNN Industriel' title='TNN Industriel' class='lshowcase-boxhighlight lshowcase-tooltip'  \/><\/a><\/div><div data-logo-id=\"18376\" class=\"lshowcase-slide lshowcase-horizontal-slide\"><a href='https:\/\/www.facebook.com\/desirs.du.palais' target='_blank' ><img src='https:\/\/2thetopacademy.com\/wp-content\/uploads\/2025\/08\/Logo_F-Youyoutte_200.jpeg'  width='200'  height = '200'  alt='Fabienne Youyoutte' title='Fabienne Youyoutte' class='lshowcase-boxhighlight lshowcase-tooltip'  \/><\/a><\/div><div data-logo-id=\"17833\" class=\"lshowcase-slide lshowcase-horizontal-slide\"><a href='https:\/\/www.asp-piecesavwati.com\/' target='_blank' ><img src='https:\/\/2thetopacademy.com\/wp-content\/uploads\/2025\/06\/logo_ASP.jpg'  width='200'  height = '200'  alt='ASP+' title='ASP Guadeloupe' class='lshowcase-boxhighlight lshowcase-tooltip'  \/><\/a><\/div><div data-logo-id=\"17295\" class=\"lshowcase-slide lshowcase-horizontal-slide\"><a href='https:\/\/www.hertzantilles.com\/' target='_blank' ><img src='https:\/\/2thetopacademy.com\/wp-content\/uploads\/2023\/07\/Logo_Hertz_Square200.jpg'  width='200'  height = '200'  alt='Hertz Antilles' title='Hertz Antilles' class='lshowcase-boxhighlight lshowcase-tooltip'  \/><\/a><\/div><div data-logo-id=\"17838\" class=\"lshowcase-slide lshowcase-horizontal-slide\"><a href='https:\/\/www.credit-agricole.fr\/ca-guadeloupe\/particulier.html' target='_blank' ><img src='https:\/\/2thetopacademy.com\/wp-content\/uploads\/2025\/06\/Lodo_CA.jpg'  width='200'  height = '200'  alt='Cr\u00e9dit Agricole' title='Cr\u00e9dit Agricole' class='lshowcase-boxhighlight lshowcase-tooltip'  \/><\/a><\/div><div data-logo-id=\"10579\" class=\"lshowcase-slide lshowcase-horizontal-slide\"><a href='http:\/\/www.agefip.com\/' target='_blank' ><img src='https:\/\/2thetopacademy.com\/wp-content\/uploads\/2019\/04\/logo_agefip.jpg'  width='200'  height = '200'  alt='Agefip' title='Agefip' class='lshowcase-boxhighlight lshowcase-tooltip'  \/><\/a><\/div><div data-logo-id=\"4572\" class=\"lshowcase-slide lshowcase-horizontal-slide\"><a href='http:\/\/www.creps-antilles-guyane.fr\/' target='_blank' ><img src='https:\/\/2thetopacademy.com\/wp-content\/uploads\/2018\/06\/logo_Creps200.jpeg'  width='200'  height = '200'  alt='CREPS Antilles-Guyane' title='CREPS Antilles-Guyane' class='lshowcase-boxhighlight lshowcase-tooltip'  \/><\/a><\/div><div data-logo-id=\"4570\" class=\"lshowcase-slide lshowcase-horizontal-slide\"><a href='https:\/\/www.facebook.com\/COFRIGO-DISTRIBUTION-661483513967639\/' target='_blank' ><img src='https:\/\/2thetopacademy.com\/wp-content\/uploads\/2018\/06\/Sprite-2023_2TTAweb.jpg'  width='200'  height = '200'  alt='Sprite' title='Sprite' class='lshowcase-boxhighlight lshowcase-tooltip'  \/><\/a><\/div><div data-logo-id=\"5171\" class=\"lshowcase-slide lshowcase-horizontal-slide\"><a href='http:\/\/www.mcdonalds.mq' target='_blank' ><img src='https:\/\/2thetopacademy.com\/wp-content\/uploads\/2018\/07\/McD_Logo_2TTAweb.jpg'  width='200'  height = '200'  alt='McDonald&rsquo;s' title='McDonald&apos;s' class='lshowcase-boxhighlight lshowcase-tooltip'  \/><\/a><\/div><div data-logo-id=\"17853\" class=\"lshowcase-slide lshowcase-horizontal-slide\"><a href='https:\/\/www.cg971.fr\/' target='_blank' ><img src='https:\/\/2thetopacademy.com\/wp-content\/uploads\/2025\/06\/Cons_Dept_200.jpeg'  width='200'  height = '200'  alt='Conseil D\u00e9partemental' title='Conseil D\u00e9partemental de la Guadeloupe' class='lshowcase-boxhighlight lshowcase-tooltip'  \/><\/a><\/div><div data-logo-id=\"11033\" class=\"lshowcase-slide lshowcase-horizontal-slide\"><a href='https:\/\/www.facebook.com\/pages\/Karu-Glace\/363103507176856' target='_blank' ><img src='https:\/\/2thetopacademy.com\/wp-content\/uploads\/2019\/06\/karu-glaces2023-2ttaweb.jpg'  width='200'  height = '200'  alt='Karu-Glaces' title='Karu-Glaces' class='lshowcase-boxhighlight lshowcase-tooltip'  \/><\/a><\/div><div data-logo-id=\"17272\" class=\"lshowcase-slide lshowcase-horizontal-slide\"><a href='https:\/\/www.Gwadayouth.com' target='_blank' ><img src='https:\/\/2thetopacademy.com\/wp-content\/uploads\/2023\/06\/GY_2TTA_web.jpg'  width='200'  height = '200'  alt='Gwadayouth.com' title='Gwadayouth.com' class='lshowcase-boxhighlight lshowcase-tooltip'  \/><\/a><\/div><div data-logo-id=\"17231\" class=\"lshowcase-slide lshowcase-horizontal-slide\"><a href='https:\/\/www.facebook.com\/optikaline\/' target='_blank' ><img src='https:\/\/2thetopacademy.com\/wp-content\/uploads\/2023\/06\/OptikAline-Logo-2TTA.png'  width='200'  height = '200'  alt='Optik Aline' title='Optik Aline' class='lshowcase-boxhighlight lshowcase-tooltip'  \/><\/a><\/div><div data-logo-id=\"18370\" class=\"lshowcase-slide lshowcase-horizontal-slide\"><a href='https:\/\/www.facebook.com\/kreolplats' target='_blank' ><img src='https:\/\/2thetopacademy.com\/wp-content\/uploads\/2025\/08\/logo_Kreol_Plats_Square_200.jpg'  width='200'  height = '200'  alt='Kr\u00e9ol Plats' title='Kr\u00e9ol&apos; Plats' class='lshowcase-boxhighlight lshowcase-tooltip'  \/><\/a><\/div><div data-logo-id=\"18358\" class=\"lshowcase-slide lshowcase-horizontal-slide\"><a href='https:\/\/www.facebook.com\/GMAntilles\/' target='_blank' ><img src='https:\/\/2thetopacademy.com\/wp-content\/uploads\/2025\/08\/LOGO-GMA_Def_Square_200.jpg'  width='200'  height = '200'  alt='Grands Moulins des Antilles' title='Grands Moulins des Antilles' class='lshowcase-boxhighlight lshowcase-tooltip'  \/><\/a><\/div><div data-logo-id=\"17285\" class=\"lshowcase-slide lshowcase-horizontal-slide\"><a href='https:\/\/www.creolebeach.com\/' target='_blank' ><img src='https:\/\/2thetopacademy.com\/wp-content\/uploads\/2023\/06\/Creole-Beach.jpeg'  width='200'  height = '200'  alt='La Cr\u00e9ole Beach H\u00f4tel &#038; Spa' title='La Cr\u00e9ole Beach H\u00f4tel & Spa' class='lshowcase-boxhighlight lshowcase-tooltip'  \/><\/a><\/div><\/div><\/div><div class=\"lshowcase-clear-both\">&nbsp;<\/div>\n<hr \/>\n<p>Vous pouvez \u00e9galement contribuer \u00e0 notre programme en choisissant ci-dessous le montant qui vous convient, ou en faisant un don individuel que nous utiliserons pour parrainer des enfants issus de foyers \u00e0 faibles revenus. Si vous souhaitez voir votre nom, ou celui de votre entreprise, appara\u00eetre sur cette page, merci de nous le faire savoir en utilisant le formulaire appropri\u00e9, qui se pr\u00e9sentera \u00e0 vous une fois votre don effectu\u00e9. Merci !<\/p>\n<h3>Faire un don<\/h3>\n<ul class='sc_accordion'>\n<li><a href='#' class='sc_accordion-btn'>Faire une contribution de 20\u20ac<\/a><div class='sc_accordion-content'>\n<form action=\"https:\/\/www.paypal.com\/cgi-bin\/webscr\" method=\"post\" target=\"_top\"><input name=\"cmd\" type=\"hidden\" value=\"_s-xclick\" \/><br \/>\n<input name=\"hosted_button_id\" type=\"hidden\" value=\"6HRS3H2TJYYRG\" \/><br \/>\n<input alt=\"PayPal, le r\u00e9flexe s\u00e9curit\u00e9 pour payer en ligne\" name=\"submit\" src=\"https:\/\/www.paypalobjects.com\/fr_FR\/FR\/i\/btn\/btn_donateCC_LG.gif\" type=\"image\" \/><br \/>\n<img loading=\"lazy\" decoding=\"async\" src=\"https:\/\/www.paypalobjects.com\/en_US\/i\/scr\/pixel.gif\" alt=\"\" width=\"1\" height=\"1\" border=\"0\" \/><\/form>\n<\/div><\/li>\n<li><a href='#' class='sc_accordion-btn'>Faire une contribution de 50\u20ac<\/a><div class='sc_accordion-content'>\n<form action=\"https:\/\/www.paypal.com\/cgi-bin\/webscr\" method=\"post\" target=\"_top\"><input name=\"cmd\" type=\"hidden\" value=\"_s-xclick\" \/><br \/>\n<input name=\"hosted_button_id\" type=\"hidden\" value=\"KJ3ZP7QK3K98A\" \/><br \/>\n<input alt=\"PayPal, le r\u00e9flexe s\u00e9curit\u00e9 pour payer en ligne\" name=\"submit\" src=\"https:\/\/www.paypalobjects.com\/fr_FR\/FR\/i\/btn\/btn_donateCC_LG.gif\" type=\"image\" \/><br \/>\n<img loading=\"lazy\" decoding=\"async\" src=\"https:\/\/www.paypalobjects.com\/en_US\/i\/scr\/pixel.gif\" alt=\"\" width=\"1\" height=\"1\" border=\"0\" \/><\/form>\n<\/div><\/li>\n<li><a href='#' class='sc_accordion-btn'>Choisissez vous-m\u00eame le montant de votre contribution<\/a><div class='sc_accordion-content'>\n<form action=\"https:\/\/www.paypal.com\/cgi-bin\/webscr\" method=\"post\" target=\"_top\"><input name=\"cmd\" type=\"hidden\" value=\"_s-xclick\" \/><br \/>\n<input name=\"hosted_button_id\" type=\"hidden\" value=\"LT5PERYLFRWGN\" \/><br \/>\n<input alt=\"PayPal, le r\u00e9flexe s\u00e9curit\u00e9 pour payer en ligne\" name=\"submit\" src=\"https:\/\/www.paypalobjects.com\/fr_FR\/FR\/i\/btn\/btn_donateCC_LG.gif\" type=\"image\" \/><br \/>\n<img loading=\"lazy\" decoding=\"async\" src=\"https:\/\/www.paypalobjects.com\/en_US\/i\/scr\/pixel.gif\" alt=\"\" width=\"1\" height=\"1\" border=\"0\" \/><\/form>\n<\/div><\/li>\n<\/ul>\n","protected":false},"excerpt":{"rendered":"<p>2TheTop Academy remercie les entreprises qui soutiennent notre mission qui est d&rsquo;aider \u00e0 construire les leaders de demain \u00e0 travers le sport et l&rsquo;\u00e9ducation. Nous sommes fiers d&rsquo;avoir des partenaires qui croient en nous autant que nous croyons en eux. Ensemble, nous construisons une base solide sur laquelle les parents peuvent compter pour l&rsquo;\u00e9panouissement de [&hellip;]<\/p>\n","protected":false},"author":1,"featured_media":1759,"parent":0,"menu_order":0,"comment_status":"open","ping_status":"open","template":"page-pagebuilder.php","meta":{"footnotes":""},"class_list":["post-1669","page","type-page","status-publish","has-post-thumbnail","hentry"],"_links":{"self":[{"href":"https:\/\/2thetopacademy.com\/fr\/wp-json\/wp\/v2\/pages\/1669","targetHints":{"allow":["GET"]}}],"collection":[{"href":"https:\/\/2thetopacademy.com\/fr\/wp-json\/wp\/v2\/pages"}],"about":[{"href":"https:\/\/2thetopacademy.com\/fr\/wp-json\/wp\/v2\/types\/page"}],"author":[{"embeddable":true,"href":"https:\/\/2thetopacademy.com\/fr\/wp-json\/wp\/v2\/users\/1"}],"replies":[{"embeddable":true,"href":"https:\/\/2thetopacademy.com\/fr\/wp-json\/wp\/v2\/comments?post=1669"}],"version-history":[{"count":5,"href":"https:\/\/2thetopacademy.com\/fr\/wp-json\/wp\/v2\/pages\/1669\/revisions"}],"predecessor-version":[{"id":18386,"href":"https:\/\/2thetopacademy.com\/fr\/wp-json\/wp\/v2\/pages\/1669\/revisions\/18386"}],"wp:featuredmedia":[{"embeddable":true,"href":"https:\/\/2thetopacademy.com\/fr\/wp-json\/wp\/v2\/media\/1759"}],"wp:attachment":[{"href":"https:\/\/2thetopacademy.com\/fr\/wp-json\/wp\/v2\/media?parent=1669"}],"curies":[{"name":"wp","href":"https:\/\/api.w.org\/{rel}","templated":true}]}}