{"id":1661,"date":"2018-03-31T01:34:50","date_gmt":"2018-03-31T05:34:50","guid":{"rendered":"https:\/\/2thetopacademy.com\/?page_id=1661"},"modified":"2019-05-31T01:47:03","modified_gmt":"2019-05-31T05:47:03","slug":"foire-aux-questions","status":"publish","type":"page","link":"https:\/\/2thetopacademy.com\/fr\/foire-aux-questions\/","title":{"rendered":"Foire aux Questions"},"content":{"rendered":"<h3>Foire aux Questions<\/h3>\n<div class=\"half\">\n<p><strong>En cas de blessures de mon enfant que se passe-t-il ?<\/strong><\/p>\n<p>Notre d\u00e9marche s&rsquo;adapte en fonction de la gravit\u00e9 de la blessure. S&rsquo;il s&rsquo;agit d&rsquo;une blessure l\u00e9g\u00e8re comme un l\u00e9ger coup, une \u00e9gratignure ou une petite ampoule, le stagiaire sera soign\u00e9 puis mis au repos si n\u00e9cessaire. S&rsquo;il d&rsquo;une blessure plus grave comme une entorse ou un probl\u00e8me musculaire, il ou elle sera \u00e9valu\u00e9e par notre \u00e9quipe m\u00e9dicale. Si la blessure n\u00e9cessite une intervention m\u00e9dicale d&rsquo;urgence, nous suivrons la proc\u00e9dure s&rsquo;appliquant dans un tel cas, que le parent ou tuteur l\u00e9gal aura sign\u00e9 au pr\u00e9alable lors de l&rsquo;inscription. <\/p>\n<p><strong>Comment puis-je payer?<\/strong><\/p>\n<p>Vous pouvez payer en ligne par carte de cr\u00e9dit ou en utilisant votre compte PayPal. Notre site est s\u00e9curis\u00e9 (v\u00e9rifiable dans la barre d&rsquo;adresse de votre navigateur <img decoding=\"async\" src=\"https:\/\/2thetopacademy.comwp-content\/uploads\/2018\/04\/2tta_sec_pad1.png\"<\/img>.<\/p>\n<\/div>\n<div class=\"half last\">\n<p><strong>Puis-je payer en plusieurs fois ?<\/strong><\/p>\n<p>L&rsquo;option de payer en plusieurs fois n&rsquo;est actuellement pas disponible pour nos camps en Guadeloupe et en Martinique, nous y travaillons. Toutefois, cette option est disponible pour nos camps aux USA avec des packs comprenant voyage, h\u00e9bergement, pension compl\u00e8te, camp.<\/p>\n<p><strong>Qui sont les coachs ?<\/strong><\/p>\n<p>Les 4 coachs principaux qui interviennent sur les camps de 2TheTop Academy \u00e9voluent chacun aux Etats-Unis et ont chacun une exp\u00e9rience du haut niveau en tant que joueurs ou en tant que coachs. Ce sont des sp\u00e9cialistes de la formation et du perfectionnement certifi\u00e9s aux USA pour certains et par la F\u00e9d\u00e9ration Fran\u00e7aise de BasketBall pour d&rsquo;autres.<\/p>\n<\/div>\n<p>&nbsp;<\/p>\n","protected":false},"excerpt":{"rendered":"<p>Foire aux Questions En cas de blessures de mon enfant que se passe-t-il ? Notre d\u00e9marche s&rsquo;adapte en fonction de la gravit\u00e9 de la blessure. S&rsquo;il s&rsquo;agit d&rsquo;une blessure l\u00e9g\u00e8re comme un l\u00e9ger coup, une \u00e9gratignure ou une petite ampoule, le stagiaire sera soign\u00e9 puis mis au repos si n\u00e9cessaire. S&rsquo;il d&rsquo;une blessure plus grave [&hellip;]<\/p>\n","protected":false},"author":1,"featured_media":1752,"parent":0,"menu_order":0,"comment_status":"open","ping_status":"open","template":"page-pagebuilder.php","meta":{"footnotes":""},"class_list":["post-1661","page","type-page","status-publish","has-post-thumbnail","hentry"],"_links":{"self":[{"href":"https:\/\/2thetopacademy.com\/fr\/wp-json\/wp\/v2\/pages\/1661","targetHints":{"allow":["GET"]}}],"collection":[{"href":"https:\/\/2thetopacademy.com\/fr\/wp-json\/wp\/v2\/pages"}],"about":[{"href":"https:\/\/2thetopacademy.com\/fr\/wp-json\/wp\/v2\/types\/page"}],"author":[{"embeddable":true,"href":"https:\/\/2thetopacademy.com\/fr\/wp-json\/wp\/v2\/users\/1"}],"replies":[{"embeddable":true,"href":"https:\/\/2thetopacademy.com\/fr\/wp-json\/wp\/v2\/comments?post=1661"}],"version-history":[{"count":10,"href":"https:\/\/2thetopacademy.com\/fr\/wp-json\/wp\/v2\/pages\/1661\/revisions"}],"predecessor-version":[{"id":10986,"href":"https:\/\/2thetopacademy.com\/fr\/wp-json\/wp\/v2\/pages\/1661\/revisions\/10986"}],"wp:featuredmedia":[{"embeddable":true,"href":"https:\/\/2thetopacademy.com\/fr\/wp-json\/wp\/v2\/media\/1752"}],"wp:attachment":[{"href":"https:\/\/2thetopacademy.com\/fr\/wp-json\/wp\/v2\/media?parent=1661"}],"curies":[{"name":"wp","href":"https:\/\/api.w.org\/{rel}","templated":true}]}}