{"id":1599,"date":"2018-03-30T13:24:57","date_gmt":"2018-03-30T17:24:57","guid":{"rendered":"https:\/\/2thetopacademy.com\/?page_id=1599"},"modified":"2026-04-22T03:47:25","modified_gmt":"2026-04-22T07:47:25","slug":"nos-camps","status":"publish","type":"page","link":"https:\/\/2thetopacademy.com\/fr\/nos-camps\/","title":{"rendered":"Nos Camps"},"content":{"rendered":"<blockquote class='third right last'><span class=\"quote\">Le succ\u00e8s n&rsquo;est pas un accident. C&rsquo;est la somme de travail acharn\u00e9, de pers\u00e9v\u00e9rance, d&rsquo;apprentissage, d&rsquo;\u00e9tudes, de sacrifice et, par-dessus tout, d&rsquo;amour de ce que vous faites ou de ce que vous apprenez \u00e0 faire.<\/span><cite> - Pel\u00e9<\/cite><\/blockquote> A 2TheTop Academy, nous oeuvrons afin de fournir \u00e0 nos athl\u00e8tes tous les outils dont ils ont besoin pour d\u00e9velopper leur plein potentiel et atteindre \u00e0 terme leur meilleur niveau.<\/p>\n<p>Notre programme met l&rsquo;accent sur les exercices sp\u00e9cifiques aux diff\u00e9rents postes de jeu, et sur l&rsquo;\u00e9valuation des joueurs. Il maintient une comp\u00e9tition de haut niveau qui challenge les athl\u00e8tes physiquement, techniquement, mentalement et les pr\u00e9pare \u00e0 un placement dans une bonne universit\u00e9 am\u00e9ricaine. Pr\u00e9parez-vous pour un voyage incroyable avec une \u00e9quipe d&rsquo;entra\u00eeneurs comme aucune autre. Votre succ\u00e8s est le n\u00f4tre !<\/p>\n<p>Les athl\u00e8tes de 2TheTop Academy ont l&rsquo;occasion unique d&rsquo;avoir des entra\u00eeneurs extr\u00eamement comp\u00e9tents, pass\u00e9s par le cursus am\u00e9ricain qui fait r\u00eaver de nombreux jeunes. Certains d&rsquo;entre eux ont eu une carri\u00e8re universitaire et professionnelle accomplie, les autres une grande exp\u00e9rience de l&rsquo;entrainement et de la pr\u00e9paration physique. A 2TheTop Academy nous souhaitons faire de vos r\u00eaves, non pas un voyage mal n\u00e9goci\u00e9, mais la mat\u00e9rialisation effective de ceux-ci pour en cr\u00e9er d\u2019autres.<\/p>\n<p>Nos campeurs b\u00e9n\u00e9ficient des meilleures m\u00e9thodes d&rsquo;enseignement et d&rsquo;apprentissage, combinant techniques innovantes et \u00e9prouv\u00e9es, ayant un seul but: aider les joueurs \u00e0 affiner tous les aspects de leur jeu, en leur fournissant les outils n\u00e9cessaires pour \u00e9voluer \u00e0 leur meilleur niveau.<\/p>\n<div id=\"attachment_1464\" style=\"width: 310px\" class=\"wp-caption alignleft\"><img loading=\"lazy\" decoding=\"async\" aria-describedby=\"caption-attachment-1464\" class=\"size-medium wp-image-1464\" src=\"https:\/\/2thetopacademy.comwp-content\/uploads\/2018\/03\/pro-basketball-team-1594634_1920-300x200.jpg\" alt=\"\" width=\"300\" height=\"200\" srcset=\"https:\/\/2thetopacademy.com\/wp-content\/uploads\/2018\/03\/pro-basketball-team-1594634_1920-300x200.jpg 300w, https:\/\/2thetopacademy.com\/wp-content\/uploads\/2018\/03\/pro-basketball-team-1594634_1920-768x512.jpg 768w, https:\/\/2thetopacademy.com\/wp-content\/uploads\/2018\/03\/pro-basketball-team-1594634_1920-1024x683.jpg 1024w, https:\/\/2thetopacademy.com\/wp-content\/uploads\/2018\/03\/pro-basketball-team-1594634_1920-1400x933.jpg 1400w, https:\/\/2thetopacademy.com\/wp-content\/uploads\/2018\/03\/pro-basketball-team-1594634_1920-600x400.jpg 600w, https:\/\/2thetopacademy.com\/wp-content\/uploads\/2018\/03\/pro-basketball-team-1594634_1920-900x600.jpg 900w, https:\/\/2thetopacademy.com\/wp-content\/uploads\/2018\/03\/pro-basketball-team-1594634_1920-212x140.jpg 212w, https:\/\/2thetopacademy.com\/wp-content\/uploads\/2018\/03\/pro-basketball-team-1594634_1920-1086x722.jpg 1086w, https:\/\/2thetopacademy.com\/wp-content\/uploads\/2018\/03\/pro-basketball-team-1594634_1920.jpg 1920w\" sizes=\"auto, (max-width: 300px) 100vw, 300px\" \/><p id=\"caption-attachment-1464\" class=\"wp-caption-text\">D.R.E.A.M.S.<\/p><\/div>\n<p>Notre programme extr\u00eamement rigoureux exige de l&rsquo;intensit\u00e9 et des r\u00e9p\u00e9titions. La volont\u00e9 de r\u00e9ussir de l&rsquo;athl\u00e8te sera test\u00e9e et son niveau de comp\u00e9tences s&rsquo;am\u00e9liorera naturellement. En mettant l&rsquo;accent sur l&rsquo;endurance, l&rsquo;explosivit\u00e9, la dext\u00e9rit\u00e9 et la bonne technique dans des situations concr\u00e8tes de plus en plus complexes pour d\u00e9velopper la lecture de jeu et la force mentale. Les camps de basketball de 2TheTop Academy pr\u00e9parent les joueurs \u00e0 \u00eatre au sommet de leur art pour entamer leur saison sportive.<\/p>\n<p>\u00c0 2TheTop Academy, nous \u00e9valuons nos campeurs avant de les placer dans des groupes correspondant \u00e0 leurs comp\u00e9tences, leurs capacit\u00e9s, leurs \u00e2ges et leurs niveaux. Parents, nous attendons de vos enfants qu&rsquo;ils donnent le meilleur d&rsquo;eux-m\u00eames, physiquement, techniquement et mentalement pendant toute la dur\u00e9e du camp.<\/p>\n<p>Le bien-\u00eatre et la s\u00e9curit\u00e9 de nos campeurs font partie de nos priorit\u00e9s. \u00c0 la fin de leur camp \u00e0 2TheTop Academy, vos enfants auront plus d&rsquo;\u00e9nergie, une plus grande capacit\u00e9 de concentration, auront une meilleure estime de soi et seront plus forts mentalement.<\/p>\n<p style=\"text-align: center;\"><a href=\"https:\/\/2thetopacademy.com\/fr\/inscription\/\" data-wplink-edit=\"true\"><img loading=\"lazy\" decoding=\"async\" class=\"size-full wp-image-18587\" src=\"https:\/\/2thetopacademy.com\/wp-content\/uploads\/2026\/04\/2TTA_Poster_2026_Square_FR800.jpg\" alt=\"\" width=\"800\" height=\"800\" srcset=\"https:\/\/2thetopacademy.com\/wp-content\/uploads\/2026\/04\/2TTA_Poster_2026_Square_FR800.jpg 800w, https:\/\/2thetopacademy.com\/wp-content\/uploads\/2026\/04\/2TTA_Poster_2026_Square_FR800-300x300.jpg 300w, https:\/\/2thetopacademy.com\/wp-content\/uploads\/2026\/04\/2TTA_Poster_2026_Square_FR800-150x150.jpg 150w, https:\/\/2thetopacademy.com\/wp-content\/uploads\/2026\/04\/2TTA_Poster_2026_Square_FR800-768x768.jpg 768w, https:\/\/2thetopacademy.com\/wp-content\/uploads\/2026\/04\/2TTA_Poster_2026_Square_FR800-125x125.jpg 125w, https:\/\/2thetopacademy.com\/wp-content\/uploads\/2026\/04\/2TTA_Poster_2026_Square_FR800-75x75.jpg 75w, https:\/\/2thetopacademy.com\/wp-content\/uploads\/2026\/04\/2TTA_Poster_2026_Square_FR800-200x200.jpg 200w, https:\/\/2thetopacademy.com\/wp-content\/uploads\/2026\/04\/2TTA_Poster_2026_Square_FR800-500x500.jpg 500w, https:\/\/2thetopacademy.com\/wp-content\/uploads\/2026\/04\/2TTA_Poster_2026_Square_FR800-600x600.jpg 600w, https:\/\/2thetopacademy.com\/wp-content\/uploads\/2026\/04\/2TTA_Poster_2026_Square_FR800-100x100.jpg 100w\" sizes=\"auto, (max-width: 800px) 100vw, 800px\" \/><img loading=\"lazy\" decoding=\"async\" class=\"size-full wp-image-17142\" src=\"https:\/\/2thetopacademy.com\/wp-content\/uploads\/2023\/04\/button_inscrivez-vous.png\" alt=\"\" width=\"197\" height=\"40\" srcset=\"https:\/\/2thetopacademy.com\/wp-content\/uploads\/2023\/04\/button_inscrivez-vous.png 197w, https:\/\/2thetopacademy.com\/wp-content\/uploads\/2023\/04\/button_inscrivez-vous-125x25.png 125w, https:\/\/2thetopacademy.com\/wp-content\/uploads\/2023\/04\/button_inscrivez-vous-75x15.png 75w, https:\/\/2thetopacademy.com\/wp-content\/uploads\/2023\/04\/button_inscrivez-vous-190x39.png 190w\" sizes=\"auto, (max-width: 197px) 100vw, 197px\" \/><\/a><\/p>\n","protected":false},"excerpt":{"rendered":"<p>A 2TheTop Academy, nous oeuvrons afin de fournir \u00e0 nos athl\u00e8tes tous les outils dont ils ont besoin pour d\u00e9velopper leur plein potentiel et atteindre \u00e0 terme leur meilleur niveau. Notre programme met l&rsquo;accent sur les exercices sp\u00e9cifiques aux diff\u00e9rents postes de jeu, et sur l&rsquo;\u00e9valuation des joueurs. Il maintient une comp\u00e9tition de haut niveau [&hellip;]<\/p>\n","protected":false},"author":1,"featured_media":1755,"parent":0,"menu_order":0,"comment_status":"open","ping_status":"open","template":"page.php","meta":{"footnotes":""},"class_list":["post-1599","page","type-page","status-publish","has-post-thumbnail","hentry"],"_links":{"self":[{"href":"https:\/\/2thetopacademy.com\/fr\/wp-json\/wp\/v2\/pages\/1599","targetHints":{"allow":["GET"]}}],"collection":[{"href":"https:\/\/2thetopacademy.com\/fr\/wp-json\/wp\/v2\/pages"}],"about":[{"href":"https:\/\/2thetopacademy.com\/fr\/wp-json\/wp\/v2\/types\/page"}],"author":[{"embeddable":true,"href":"https:\/\/2thetopacademy.com\/fr\/wp-json\/wp\/v2\/users\/1"}],"replies":[{"embeddable":true,"href":"https:\/\/2thetopacademy.com\/fr\/wp-json\/wp\/v2\/comments?post=1599"}],"version-history":[{"count":4,"href":"https:\/\/2thetopacademy.com\/fr\/wp-json\/wp\/v2\/pages\/1599\/revisions"}],"predecessor-version":[{"id":18590,"href":"https:\/\/2thetopacademy.com\/fr\/wp-json\/wp\/v2\/pages\/1599\/revisions\/18590"}],"wp:featuredmedia":[{"embeddable":true,"href":"https:\/\/2thetopacademy.com\/fr\/wp-json\/wp\/v2\/media\/1755"}],"wp:attachment":[{"href":"https:\/\/2thetopacademy.com\/fr\/wp-json\/wp\/v2\/media?parent=1599"}],"curies":[{"name":"wp","href":"https:\/\/api.w.org\/{rel}","templated":true}]}}