{"id":1518,"date":"2018-03-16T13:59:41","date_gmt":"2018-03-16T13:59:41","guid":{"rendered":"https:\/\/2thetopacademy.com\/?page_id=1518"},"modified":"2018-04-13T10:43:53","modified_gmt":"2018-04-13T14:43:53","slug":"notre-mission","status":"publish","type":"page","link":"https:\/\/2thetopacademy.com\/fr\/notre-mission\/","title":{"rendered":"Notre Mission"},"content":{"rendered":"<blockquote class='third right last'><span class=\"quote\">Politiser les masses, c&rsquo;est rendre la nation globale pr\u00e9sente \u00e0 chaque citoyen. C&rsquo;est faire de l&rsquo;exp\u00e9rience de la nation l&rsquo;exp\u00e9rience de chaque citoyen.<\/span><cite> - Frantz Fanon<\/cite><\/blockquote>Le programme 2TheTop Academy se veut \u00eatre, pour nos jeunes, la passerelle entre les comp\u00e9tences acquises en association sportive d&rsquo;un c\u00f4t\u00e9 et l&rsquo;exigence d&rsquo;un cursus sportif et \u00e9ducatif am\u00e9ricain de l&rsquo;autre. Nous  proposons une approche d&rsquo;enseignement en plusieurs phases qui met l&rsquo;accent sur un apprentissage par paliers, mis en place et \u00e9prouv\u00e9 par des professionnels de l&rsquo;\u00e9ducation et du sport. <\/p>\n<p>Nous mettons \u00e0 la disposition des parents et des jeunes qui nous font confiance un circuit leur permettant d&rsquo;allier \u00e9tudes, sport et loisirs et qui au terme de leurs cycle secondaire leur donnera les outils n\u00e9cessaires et un panel de choix d&rsquo;orientation en lieu et place d&rsquo;une fatalit\u00e9 de d\u00e9bouch\u00e9s impos\u00e9s.<\/p>\n<p>Concernant les jeunes de la Cara\u00efbe francophone, nous nous inscrivons clairement dans une perspective d&rsquo;\u00e9tudes dans notre bassin g\u00e9ographique. De notre point de vue, Il s\u2019agira pour eux, de ne pas \u00eatre d\u00e9racin\u00e9s trop t\u00f4t, et de b\u00e9n\u00e9ficier le plus longtemps possible du cocon familial et de l\u2019attention de leurs parents. Condition essentielle \u00e0 l\u2019\u00e9panouissement, dans l\u2019enfance et surtout \u00e0 l\u2019adolescence, parfois difficile \u00e0 tous points de vue. Ils seront aid\u00e9s en cela par les encadrants qui constituent notre \u00e9quipe dans des conditions optimales, et garanties par leur professionnalisme et leur exp\u00e9rience personnelle.<\/p>\n<p>Concernant les jeunes am\u00e9ricains, \u00e0 l&rsquo;objectif de l&rsquo;excellence sportive vient s&rsquo;ajouter celui de l&rsquo;apport linguistique et culturel. Pouvoir s&rsquo;exprimer en deux voire trois langues, devient un atout de plus en plus d\u00e9terminant quel que soit le choix de carri\u00e8re envisag\u00e9. Offrir aux jeunes Floridiens une ouverture sur la Cara\u00efbe, c&rsquo;est pour nombre d&rsquo;entre eux la possibilit\u00e9 d&rsquo;un retour aux sources qui ne s&rsquo;est pas encore mat\u00e9rialis\u00e9, et pour d&rsquo;autres une aventure culturelle et linguistique hors du commun.<\/p>\n<div id=\"attachment_1464\" style=\"width: 310px\" class=\"wp-caption alignleft\"><img loading=\"lazy\" decoding=\"async\" aria-describedby=\"caption-attachment-1464\" src=\"https:\/\/2thetopacademy.comwp-content\/uploads\/2018\/03\/pro-basketball-team-1594634_1920-300x200.jpg\" alt=\"\" width=\"300\" height=\"200\" class=\"size-medium wp-image-1464\" srcset=\"https:\/\/2thetopacademy.com\/wp-content\/uploads\/2018\/03\/pro-basketball-team-1594634_1920-300x200.jpg 300w, https:\/\/2thetopacademy.com\/wp-content\/uploads\/2018\/03\/pro-basketball-team-1594634_1920-768x512.jpg 768w, https:\/\/2thetopacademy.com\/wp-content\/uploads\/2018\/03\/pro-basketball-team-1594634_1920-1024x683.jpg 1024w, https:\/\/2thetopacademy.com\/wp-content\/uploads\/2018\/03\/pro-basketball-team-1594634_1920-1400x933.jpg 1400w, https:\/\/2thetopacademy.com\/wp-content\/uploads\/2018\/03\/pro-basketball-team-1594634_1920-600x400.jpg 600w, https:\/\/2thetopacademy.com\/wp-content\/uploads\/2018\/03\/pro-basketball-team-1594634_1920-900x600.jpg 900w, https:\/\/2thetopacademy.com\/wp-content\/uploads\/2018\/03\/pro-basketball-team-1594634_1920-212x140.jpg 212w, https:\/\/2thetopacademy.com\/wp-content\/uploads\/2018\/03\/pro-basketball-team-1594634_1920-1086x722.jpg 1086w, https:\/\/2thetopacademy.com\/wp-content\/uploads\/2018\/03\/pro-basketball-team-1594634_1920.jpg 1920w\" sizes=\"auto, (max-width: 300px) 100vw, 300px\" \/><p id=\"caption-attachment-1464\" class=\"wp-caption-text\">D.R.E.A.M.S.!<\/p><\/div>Notre d\u00e9marche est motiv\u00e9e par un constat: Nous mettons actuellement nos comp\u00e9tences au service des jeunes am\u00e9ricains en sachant que de fa\u00e7on r\u00e9guli\u00e8re, nous sommes sollicit\u00e9s par des parents des \u00eeles souhaitant offrir \u00e0 leurs enfants la possibilit\u00e9 de participer \u00e0 des camps de basketball aux USA. Nous avons donc d\u00e9cid\u00e9 de r\u00e9pondre \u00e0 cette demande, en le faisant en continu, en Guadeloupe, en Martinique, puis aux USA afin de pouvoir accompagner et former ces jeunes sur plusieurs ann\u00e9es. A cette fin, nous pr\u00e9voyons des camps dans nos \u00eeles \u00e0 l\u2019intersaison, et pendant la p\u00e9riode des vacances de P\u00e2ques en Floride o\u00f9, les jeunes stagiaires s\u2019habitueront \u00e0 un staff technique dans un cadre familier, confortable et stimulant tout en \u00e9tant immerg\u00e9s dans un environnement o\u00f9 prime une langue \u00e9trang\u00e8re.<\/p>\n<p>Le staff technique de 2TheTop Academy est men\u00e9 par 1 am\u00e9ricain dipl\u00f4m\u00e9 de Lincoln M\u00e9morial University et 4 carib\u00e9ens francophones dipl\u00f4m\u00e9s d&rsquo;universit\u00e9s am\u00e9ricaines telles que Seattle University, Miami Dade College, University of Colorado, Florida Southern College, et ayant chacun pratiqu\u00e9 le Basketball \u00e0 un haut niveau. <\/p>\n<p>Notre staff \u00e9ducatif est men\u00e9 par des professeurs et anciens professeurs d&rsquo;universit\u00e9s et de cycle secondaire, sp\u00e9cialis\u00e9s en Sport et en Langues Etrang\u00e8res.<\/p>\n<p><img loading=\"lazy\" decoding=\"async\" class=\"alignleft size-thumbnail wp-image-1726\" src=\"https:\/\/2thetopacademy.comwp-content\/uploads\/2018\/04\/2TTADreams-150x45.png\" width=\"184\" height=\"45\" srcset=\"https:\/\/2thetopacademy.com\/wp-content\/uploads\/2018\/04\/2TTADreams-125x31.png 125w, https:\/\/2thetopacademy.com\/wp-content\/uploads\/2018\/04\/2TTADreams-75x18.png 75w, https:\/\/2thetopacademy.com\/wp-content\/uploads\/2018\/04\/2TTADreams.png 184w\" sizes=\"auto, (max-width: 184px) 100vw, 184px\" \/>Les valeurs que nous partageons et que nous voulons inculquer \u00e0 nos athl\u00e8tes ne se limitent pas \u00e0 celles du sport et sont grav\u00e9es dans notre devise \u00ab\u00a0Nothing is greater than our <strong>D.R.E.A.M.S.<\/strong>*!\u201d (*Rien n&rsquo;est plus grand que nos r\u00eaves !).<\/p>\n<p><strong>Discipline<\/strong>: Afin d&rsquo;atteindre notre plein potentiel dans tous les domaines de la vie, nous devons acqu\u00e9rir et maintenir la discipline en t\u00eate de nos priorit\u00e9s. Discipline intellectuelle, discipline sportive, discipline dans le travail.<br \/>\n<strong>Respect<\/strong>: Le respect fait partie des valeurs intrins\u00e8ques du sport et de la vie en g\u00e9n\u00e9ral. Sur beaucoup d&rsquo;aspects, le sport est le miroir de la vie. Si vous donnez du respect, vous aurez de grandes chances d&rsquo;en obtenir en retour.<br \/>\n<strong>Education<\/strong>: Si vous voulez \u00eatre en charge de votre avenir et non vous contenter de d\u00e9bouch\u00e9s impos\u00e9s, l&rsquo;\u00e9ducation est la cl\u00e9 de votre r\u00e9ussite !<br \/>\n<strong>Alimentation<\/strong>: Les athl\u00e8tes doivent tr\u00e8s t\u00f4t prendre de bonnes habitudes alimentaires et traiter leur corps comme leur temple personnel. <em>Mens sana in corpore sano<\/em>! Une bonne alimentation les aidera \u00e0 pousser leurs corps dans ses derniers retranchements lorsqu&rsquo;il en auront besoin.<br \/>\n<strong>Mental<\/strong>: Souvent, la diff\u00e9rence des athl\u00e8tes de m\u00eame niveau et avec le m\u00eame niveau d&rsquo;entra\u00eenement se fait gr\u00e2ce au mental. Si l&rsquo;athl\u00e8te veut se d\u00e9passer et se transcender pour atteindre la performance optimale, ce plus, il l&rsquo;obtiendra en travaillant sa force mentale.<br \/>\n<strong>Sacrifices<\/strong>: Vous l&rsquo;avez s\u00fbrement d\u00e9j\u00e0 entendu \u00e0 la maison, \u00ab\u00a0on ne peut pas tout avoir sans sacrifices !\u00a0\u00bb. Les parents ont souvent raison. Gagner demande des sacrifices, devenir un champion et atteindre ses r\u00eaves (<strong>D.R.E.A.M.S.<\/strong>) demandent encore plus de sacrifices!<\/p>\n","protected":false},"excerpt":{"rendered":"<p>Le programme 2TheTop Academy se veut \u00eatre, pour nos jeunes, la passerelle entre les comp\u00e9tences acquises en association sportive d&rsquo;un c\u00f4t\u00e9 et l&rsquo;exigence d&rsquo;un cursus sportif et \u00e9ducatif am\u00e9ricain de l&rsquo;autre. Nous proposons une approche d&rsquo;enseignement en plusieurs phases qui met l&rsquo;accent sur un apprentissage par paliers, mis en place et \u00e9prouv\u00e9 par des professionnels [&hellip;]<\/p>\n","protected":false},"author":1,"featured_media":1752,"parent":0,"menu_order":0,"comment_status":"open","ping_status":"open","template":"page.php","meta":{"footnotes":""},"class_list":["post-1518","page","type-page","status-publish","has-post-thumbnail","hentry"],"_links":{"self":[{"href":"https:\/\/2thetopacademy.com\/fr\/wp-json\/wp\/v2\/pages\/1518","targetHints":{"allow":["GET"]}}],"collection":[{"href":"https:\/\/2thetopacademy.com\/fr\/wp-json\/wp\/v2\/pages"}],"about":[{"href":"https:\/\/2thetopacademy.com\/fr\/wp-json\/wp\/v2\/types\/page"}],"author":[{"embeddable":true,"href":"https:\/\/2thetopacademy.com\/fr\/wp-json\/wp\/v2\/users\/1"}],"replies":[{"embeddable":true,"href":"https:\/\/2thetopacademy.com\/fr\/wp-json\/wp\/v2\/comments?post=1518"}],"version-history":[{"count":23,"href":"https:\/\/2thetopacademy.com\/fr\/wp-json\/wp\/v2\/pages\/1518\/revisions"}],"predecessor-version":[{"id":2442,"href":"https:\/\/2thetopacademy.com\/fr\/wp-json\/wp\/v2\/pages\/1518\/revisions\/2442"}],"wp:featuredmedia":[{"embeddable":true,"href":"https:\/\/2thetopacademy.com\/fr\/wp-json\/wp\/v2\/media\/1752"}],"wp:attachment":[{"href":"https:\/\/2thetopacademy.com\/fr\/wp-json\/wp\/v2\/media?parent=1518"}],"curies":[{"name":"wp","href":"https:\/\/api.w.org\/{rel}","templated":true}]}}