{"id":1427,"date":"2018-03-02T17:04:19","date_gmt":"2018-03-02T17:04:19","guid":{"rendered":"https:\/\/2thetopacademy.com\/?page_id=1427"},"modified":"2023-06-11T22:52:36","modified_gmt":"2023-06-12T02:52:36","slug":"contactez-nous-gpe","status":"publish","type":"page","link":"https:\/\/2thetopacademy.com\/fr\/contactez-nous-gpe\/","title":{"rendered":"Contact Guadeloupe"},"content":{"rendered":"<p>Le 2TheTop Academy Summer Basketball Camp 2023 aura lieu du 17 au 22 juillet prochains. Vous \u00eates int\u00e9ress\u00e9 par nos camps et souhaitez avoir plus d&rsquo;informations avant de vous y inscrire ? Merci de remplir le formulaire ci-dessous en nous posant vos questions, en indiquant votre moyen de communication pr\u00e9f\u00e9r\u00e9 et en nous laissant vos coordonn\u00e9es dans le corps du message. Nous sommes aussi joignable en temps r\u00e9el via Whatsapp au <a href=\"https:\/\/wa.me\/13052092370\" target=\"_blank\" rel=\"noopener\">+13052092370<\/a>.<\/p>\n\n<div class=\"wpcf7 no-js\" id=\"wpcf7-f1441-o1\" lang=\"en-US\" dir=\"ltr\" data-wpcf7-id=\"1441\">\n<div class=\"screen-reader-response\"><p role=\"status\" aria-live=\"polite\" aria-atomic=\"true\"><\/p> <ul><\/ul><\/div>\n<form action=\"\/fr\/wp-json\/wp\/v2\/pages\/1427#wpcf7-f1441-o1\" method=\"post\" class=\"wpcf7-form init\" aria-label=\"Contact form\" novalidate=\"novalidate\" data-status=\"init\">\n<fieldset class=\"hidden-fields-container\"><input type=\"hidden\" name=\"_wpcf7\" value=\"1441\" \/><input type=\"hidden\" name=\"_wpcf7_version\" value=\"6.1.5\" \/><input type=\"hidden\" name=\"_wpcf7_locale\" value=\"en_US\" \/><input type=\"hidden\" name=\"_wpcf7_unit_tag\" value=\"wpcf7-f1441-o1\" \/><input type=\"hidden\" name=\"_wpcf7_container_post\" value=\"0\" \/><input type=\"hidden\" name=\"_wpcf7_posted_data_hash\" value=\"\" \/><input type=\"hidden\" name=\"_wpcf7_recaptcha_response\" value=\"\" \/>\n<\/fieldset>\n<p><span class=\"wpcf7-form-control-wrap\" data-name=\"text-921\"><input size=\"40\" maxlength=\"400\" class=\"wpcf7-form-control wpcf7-text wpcf7-validates-as-required\" aria-required=\"true\" aria-invalid=\"false\" placeholder=\"Pr\u00e9nom Nom?\" value=\"\" type=\"text\" name=\"text-921\" \/><\/span><span class=\"wpcf7-form-control-wrap\" data-name=\"email-97\"><input size=\"40\" maxlength=\"400\" class=\"wpcf7-form-control wpcf7-email wpcf7-validates-as-required wpcf7-text wpcf7-validates-as-email\" aria-required=\"true\" aria-invalid=\"false\" placeholder=\"Adresse Email?\" value=\"\" type=\"email\" name=\"email-97\" \/><\/span><span class=\"wpcf7-form-control-wrap\" data-name=\"tel-813\"><input size=\"40\" maxlength=\"400\" class=\"wpcf7-form-control wpcf7-tel wpcf7-text wpcf7-validates-as-tel\" aria-invalid=\"false\" placeholder=\"T\u00e9l\u00e9phone Portable?\" value=\"\" type=\"tel\" name=\"tel-813\" \/><\/span><span class=\"wpcf7-form-control-wrap\" data-name=\"menu-792\"><select class=\"wpcf7-form-control wpcf7-select wpcf7-validates-as-required\" aria-required=\"true\" aria-invalid=\"false\" name=\"menu-792\"><option value=\"Objet:\">Objet:<\/option><option value=\"G\u00e9n\u00e9ral\">G\u00e9n\u00e9ral<\/option><option value=\"Dates et lieux\">Dates et lieux<\/option><option value=\"Inscriptions\">Inscriptions<\/option><option value=\"Coachs\">Coachs<\/option><option value=\"Partenariat\">Partenariat<\/option><\/select><\/span><span class=\"wpcf7-form-control-wrap\" data-name=\"textarea-804\"><textarea cols=\"40\" rows=\"10\" maxlength=\"2000\" class=\"wpcf7-form-control wpcf7-textarea wpcf7-validates-as-required\" aria-required=\"true\" aria-invalid=\"false\" placeholder=\"Ecrivez nous ici ...\" name=\"textarea-804\"><\/textarea><\/span>\n<span class=\"wpcf7-form-control-wrap recaptcha\" data-name=\"recaptcha\"><span data-sitekey=\"6Lc9V24UAAAAAMVRDdmFHyKOODfUOeORtWeOesrA\" class=\"wpcf7-form-control wpcf7-recaptcha g-recaptcha\"><\/span>\r\n<noscript>\r\n\t<div class=\"grecaptcha-noscript\">\r\n\t\t<iframe loading=\"lazy\" src=\"https:\/\/www.google.com\/recaptcha\/api\/fallback?k=6Lc9V24UAAAAAMVRDdmFHyKOODfUOeORtWeOesrA\" frameborder=\"0\" scrolling=\"no\" width=\"310\" height=\"430\">\r\n\t\t<\/iframe>\r\n\t\t<textarea name=\"g-recaptcha-response\" rows=\"3\" cols=\"40\" placeholder=\"reCaptcha Response Here\">\r\n\t\t<\/textarea>\r\n\t<\/div>\r\n<\/noscript>\r\n<\/span><input class=\"wpcf7-form-control wpcf7-submit has-spinner\" type=\"submit\" value=\"Envoyer\" \/>\n<\/p><div class=\"wpcf7-response-output\" aria-hidden=\"true\"><\/div>\n<\/form>\n<\/div>\n\n","protected":false},"excerpt":{"rendered":"<p>Le 2TheTop Academy Summer Basketball Camp 2023 aura lieu du 17 au 22 juillet prochains. Vous \u00eates int\u00e9ress\u00e9 par nos camps et souhaitez avoir plus d&rsquo;informations avant de vous y inscrire ? Merci de remplir le formulaire ci-dessous en nous posant vos questions, en indiquant votre moyen de communication pr\u00e9f\u00e9r\u00e9 et en nous laissant vos [&hellip;]<\/p>\n","protected":false},"author":1,"featured_media":0,"parent":0,"menu_order":0,"comment_status":"open","ping_status":"closed","template":"page-contact.php","meta":{"footnotes":""},"class_list":["post-1427","page","type-page","status-publish","hentry"],"_links":{"self":[{"href":"https:\/\/2thetopacademy.com\/fr\/wp-json\/wp\/v2\/pages\/1427","targetHints":{"allow":["GET"]}}],"collection":[{"href":"https:\/\/2thetopacademy.com\/fr\/wp-json\/wp\/v2\/pages"}],"about":[{"href":"https:\/\/2thetopacademy.com\/fr\/wp-json\/wp\/v2\/types\/page"}],"author":[{"embeddable":true,"href":"https:\/\/2thetopacademy.com\/fr\/wp-json\/wp\/v2\/users\/1"}],"replies":[{"embeddable":true,"href":"https:\/\/2thetopacademy.com\/fr\/wp-json\/wp\/v2\/comments?post=1427"}],"version-history":[{"count":5,"href":"https:\/\/2thetopacademy.com\/fr\/wp-json\/wp\/v2\/pages\/1427\/revisions"}],"predecessor-version":[{"id":17263,"href":"https:\/\/2thetopacademy.com\/fr\/wp-json\/wp\/v2\/pages\/1427\/revisions\/17263"}],"wp:attachment":[{"href":"https:\/\/2thetopacademy.com\/fr\/wp-json\/wp\/v2\/media?parent=1427"}],"curies":[{"name":"wp","href":"https:\/\/api.w.org\/{rel}","templated":true}]}}